{"id":4109,"date":"2022-07-19T13:02:51","date_gmt":"2022-07-19T13:02:51","guid":{"rendered":"https:\/\/www.top-madagascar.com\/?page_id=4109"},"modified":"2023-02-03T05:21:11","modified_gmt":"2023-02-03T05:21:11","slug":"events","status":"publish","type":"page","link":"https:\/\/www.top-madagascar.com\/en\/events\/","title":{"rendered":"Events"},"content":{"rendered":"\t\t<div data-elementor-type=\"wp-page\" data-elementor-id=\"4109\" class=\"elementor elementor-4109\">\n\t\t\t\t\t\t\t\t\t<section class=\"elementor-section elementor-top-section elementor-element elementor-element-36f7f7b elementor-section-full_width elementor-section-height-default elementor-section-height-default row-top\" data-id=\"36f7f7b\" data-element_type=\"section\" data-settings=\"{&quot;animation&quot;:&quot;none&quot;}\">\n\t\t\t\t\t\t<div class=\"elementor-container elementor-column-gap-default\">\n\t\t\t\t\t<div class=\"elementor-column elementor-col-100 elementor-top-column elementor-element elementor-element-e6a981d\" data-id=\"e6a981d\" data-element_type=\"column\">\n\t\t\t<div class=\"elementor-widget-wrap elementor-element-populated\">\n\t\t\t\t\t\t\t\t<div class=\"elementor-element elementor-element-14610f8 elementor-widget elementor-widget-gva_post_breadcrumb\" data-id=\"14610f8\" data-element_type=\"widget\" data-widget_type=\"gva_post_breadcrumb.default\">\n\t\t\t\t<div class=\"elementor-widget-container\">\n\t\t\t<div class=\"gva-element-gva_post_breadcrumb gva-element\">   \r\n<div class=\"post-breadcrumb\">\r\n   <div class=\"custom-breadcrumb \" >\r\n            <div class=\"breadcrumb-main\">\r\n        <div class=\"container\">\r\n          <div class=\"breadcrumb-container-inner\">\r\n            <h2 class=\"heading-title\">Events<\/h2><ol class=\"breadcrumb\"><li><a href=\"https:\/\/www.top-madagascar.com\/en\"><i class=\"fas fa-home\"><\/i><\/a> <\/li> <li class=\"active\">Page<\/li><\/ol>          <\/div>  \r\n        <\/div>   \r\n      <\/div>  \r\n   <\/div>\r\n<\/div>      \r\n\r\n<\/div>\t\t<\/div>\n\t\t\t\t<\/div>\n\t\t\t\t\t<\/div>\n\t\t<\/div>\n\t\t\t\t\t\t\t<\/div>\n\t\t<\/section>\n\t\t\t\t<section class=\"elementor-section elementor-top-section elementor-element elementor-element-33f8ba2 elementor-section-boxed elementor-section-height-default elementor-section-height-default row-top elementor-invisible\" data-id=\"33f8ba2\" data-element_type=\"section\" data-settings=\"{&quot;animation&quot;:&quot;slideInLeft&quot;}\">\n\t\t\t\t\t\t<div class=\"elementor-container elementor-column-gap-default\">\n\t\t\t\t\t<div class=\"elementor-column elementor-col-100 elementor-top-column elementor-element elementor-element-cc6425e\" data-id=\"cc6425e\" data-element_type=\"column\">\n\t\t\t<div class=\"elementor-widget-wrap elementor-element-populated\">\n\t\t\t\t\t\t\t\t<div class=\"elementor-element elementor-element-4092153 elementor-widget elementor-widget-naevents_unique_venues\" data-id=\"4092153\" data-element_type=\"widget\" data-widget_type=\"naevents_unique_venues.default\">\n\t\t\t\t<div class=\"elementor-widget-container\">\n\t\t\t\t\t\t<div class=\"naeep-schedule\">\r\n\t\t\t\t<div class=\"col-na-row\">\r\n\t\t\t\t\t\t\t\t\t\t<div class=\"col-na-4\">\r\n\t\t\t\t\t\t\t<div class=\"naeep-schedule-grid naeep-venue-grid naeep-item\">\r\n\t\t\t\t\t\t\t\t\t\t\t\t\t\t    <div class=\"naeep-image naeep-popup\">\r\n\t\t\t\t\t\t      <a href=\"https:\/\/www.top-madagascar.com\/en\/wp-content\/uploads\/sites\/9\/2023\/02\/kabary.jpg\"><img decoding=\"async\" src=\"https:\/\/www.top-madagascar.com\/en\/wp-content\/uploads\/sites\/9\/2023\/02\/kabary.jpg\" alt=\"TAKARIVAM-PIALAM-BOLY: NY KABARY SY NY FIZAHAN-TANY\"><\/a>\t\t\t\t\t      \t<div class=\"events-cat\">\r\n\t\t\t\t\t      \t\t\t\t\t\t\t      \t<\/div>\r\n\t\t\t\t\t\t    <\/div>\r\n\t\t\t\t\t\t    \t\t\t\t\t\t    <div class=\"naeep-grid-info\">\r\n\t\t\t\t\t\t      <ul class=\"schedule-meta\">\r\n\t\t\t\t\t\t      \t\t\t\t\t\t\t      <\/ul>\r\n\t\t\t\t\t\t      <h3 class=\"schedule-title\">TAKARIVAM-PIALAM-BOLY: NY KABARY SY NY FIZAHAN-TANY<\/h3><p>\u00ab Art oratoire malgache ! \u00bb.\nLe Kabary Malagasy est une des principales attractions culturelles \u00e0 Madagascar. Les adeptes de l\u2019art oratoire \u00e0 Madagascar, organisent une soir\u00e9e de d\u00e9tente, sous le th\u00e8me \u00ab L\u2019Art oratoire et le Tourisme \u00bb le 18 f\u00e9vrier au Sakay Rouge Avarabohitra Itaosy \u00e0 partir de 19h.\nLa soir\u00e9e sera anim\u00e9e par des repr\u00e9sentations de Kabary, suivies d\u2019un d\u00eener dansant.\nVenez nombreux, soutenons l\u2019Art oratoire Malagasy et le Tourisme \u00e0 Madagascar !\nInformations compl\u00e9mentaires: 034 09 533 15 (Diary) \/ 034 15 731 11 (Rojo)\n<\/p><div class=\"naeep-link-wrap\"><a href=\"#\"   class=\"naeep-link\"><i class=\"ti-world\" aria-hidden=\"true\"><\/i> Sakay Rouge Avarabohitra Itaosy<\/a><\/div>\t\t\t\t\t\t    <\/div>\r\n\t\t\t\t\t\t  <\/div>\r\n\t\t\t\t\t\t<\/div>\r\n\t\t\t\t\t\t\t\t\t<\/div>\r\n\t\t\t<\/div>\r\n\t\t\t\t<\/div>\n\t\t\t\t<\/div>\n\t\t\t\t\t<\/div>\n\t\t<\/div>\n\t\t\t\t\t\t\t<\/div>\n\t\t<\/section>\n\t\t\t\t\t\t\t<\/div>\n\t\t","protected":false},"excerpt":{"rendered":"<p>Events Page TAKARIVAM-PIALAM-BOLY: NY KABARY SY NY FIZAHAN-TANY \u00ab Art oratoire malgache ! \u00bb. Le Kabary Malagasy est une des principales attractions culturelles \u00e0 Madagascar. Les adeptes de l\u2019art oratoire \u00e0 Madagascar, organisent une soir\u00e9e de d\u00e9tente, sous le th\u00e8me \u00ab L\u2019Art oratoire et le Tourisme \u00bb le 18 f\u00e9vrier au Sakay Rouge Avarabohitra Itaosy&#8230;<\/p>\n","protected":false},"author":1,"featured_media":0,"parent":0,"menu_order":0,"comment_status":"closed","ping_status":"closed","template":"","meta":{"_mi_skip_tracking":false,"footnotes":""},"class_list":["post-4109","page","type-page","status-publish","hentry"],"aioseo_notices":[],"_links":{"self":[{"href":"https:\/\/www.top-madagascar.com\/en\/wp-json\/wp\/v2\/pages\/4109","targetHints":{"allow":["GET"]}}],"collection":[{"href":"https:\/\/www.top-madagascar.com\/en\/wp-json\/wp\/v2\/pages"}],"about":[{"href":"https:\/\/www.top-madagascar.com\/en\/wp-json\/wp\/v2\/types\/page"}],"author":[{"embeddable":true,"href":"https:\/\/www.top-madagascar.com\/en\/wp-json\/wp\/v2\/users\/1"}],"replies":[{"embeddable":true,"href":"https:\/\/www.top-madagascar.com\/en\/wp-json\/wp\/v2\/comments?post=4109"}],"version-history":[{"count":84,"href":"https:\/\/www.top-madagascar.com\/en\/wp-json\/wp\/v2\/pages\/4109\/revisions"}],"predecessor-version":[{"id":5238,"href":"https:\/\/www.top-madagascar.com\/en\/wp-json\/wp\/v2\/pages\/4109\/revisions\/5238"}],"wp:attachment":[{"href":"https:\/\/www.top-madagascar.com\/en\/wp-json\/wp\/v2\/media?parent=4109"}],"curies":[{"name":"wp","href":"https:\/\/api.w.org\/{rel}","templated":true}]}}